{"id":6830,"date":"2026-02-14T12:51:19","date_gmt":"2026-02-14T11:51:19","guid":{"rendered":"http:\/\/artcopy.pl\/?page_id=6830"},"modified":"2026-02-14T22:44:24","modified_gmt":"2026-02-14T21:44:24","slug":"test-222","status":"publish","type":"page","link":"https:\/\/artcopy.pl\/?page_id=6830","title":{"rendered":"Druk Wielkoformatowy"},"content":{"rendered":"<h1 data-path-to-node=\"3\">Druk Wielkoformatowy: Twoja Reklama w Skali XXL<\/h1>\n<p data-path-to-node=\"4\">W \u015bwiecie reklamy rozmiar ma znaczenie. Gdy standardowy format to za ma\u0142o, aby przyci\u0105gn\u0105\u0107 wzrok, rozwi\u0105zaniem jest druk wielkoformatowy (LFP). Od <b data-path-to-node=\"4\" data-index-in-node=\"147\">20 lat<\/b> dostarczamy rozwi\u0105zania, kt\u00f3re sprawiaj\u0105, \u017ce marki naszych klient\u00f3w staj\u0105 si\u0119 widoczne w przestrzeni miejskiej, na targach i w biurach.<\/p>\n","protected":false},"excerpt":{"rendered":"<p>Druk Wielkoformatowy: Twoja Reklama w Skali XXL W \u015bwiecie reklamy rozmiar ma znaczenie. Gdy standardowy [&hellip;]<\/p>\n","protected":false},"author":1,"featured_media":6548,"parent":0,"menu_order":0,"comment_status":"closed","ping_status":"closed","template":"template-services.php","meta":{"_acf_changed":false,"_monsterinsights_skip_tracking":false,"_monsterinsights_sitenote_active":false,"_monsterinsights_sitenote_note":"","_monsterinsights_sitenote_category":0,"footnotes":""},"class_list":["post-6830","page","type-page","status-publish","has-post-thumbnail","hentry"],"acf":[],"aioseo_notices":[],"_links":{"self":[{"href":"https:\/\/artcopy.pl\/index.php?rest_route=\/wp\/v2\/pages\/6830","targetHints":{"allow":["GET"]}}],"collection":[{"href":"https:\/\/artcopy.pl\/index.php?rest_route=\/wp\/v2\/pages"}],"about":[{"href":"https:\/\/artcopy.pl\/index.php?rest_route=\/wp\/v2\/types\/page"}],"author":[{"embeddable":true,"href":"https:\/\/artcopy.pl\/index.php?rest_route=\/wp\/v2\/users\/1"}],"replies":[{"embeddable":true,"href":"https:\/\/artcopy.pl\/index.php?rest_route=%2Fwp%2Fv2%2Fcomments&post=6830"}],"version-history":[{"count":4,"href":"https:\/\/artcopy.pl\/index.php?rest_route=\/wp\/v2\/pages\/6830\/revisions"}],"predecessor-version":[{"id":6868,"href":"https:\/\/artcopy.pl\/index.php?rest_route=\/wp\/v2\/pages\/6830\/revisions\/6868"}],"wp:featuredmedia":[{"embeddable":true,"href":"https:\/\/artcopy.pl\/index.php?rest_route=\/wp\/v2\/media\/6548"}],"wp:attachment":[{"href":"https:\/\/artcopy.pl\/index.php?rest_route=%2Fwp%2Fv2%2Fmedia&parent=6830"}],"curies":[{"name":"wp","href":"https:\/\/api.w.org\/{rel}","templated":true}]}}