{"id":5,"date":"2022-05-13T23:24:39","date_gmt":"2022-05-13T20:24:39","guid":{"rendered":"http:\/\/garantiwebdesign.com\/wordpress\/printa\/?page_id=5"},"modified":"2026-02-15T09:20:04","modified_gmt":"2026-02-15T08:20:04","slug":"home","status":"publish","type":"page","link":"https:\/\/artcopy.pl\/","title":{"rendered":"Home"},"content":{"rendered":"<h1 data-path-to-node=\"3\">Rodzinna tradycja druku<\/h1>\n<h3 data-path-to-node=\"4\">Od 20 lat podpisujemy si\u0119 pod ka\u017cdym arkuszem.<\/h3>\n<p data-path-to-node=\"5\">Jeste\u015bmy rodzinn\u0105 drukarni\u0105 i introligatorni\u0105, kt\u00f3ra od dw\u00f3ch dekad udowadnia, \u017ce papier ma dusz\u0119. Nasza firma to nie tylko maszyny \u2013 to przede wszystkim ludzie i wsp\u00f3lne warto\u015bci. Dzi\u0119ki temu, \u017ce pracujemy razem jako rodzina, do ka\u017cdego zlecenia podchodzimy z osobistym zaanga\u017cowaniem, kt\u00f3rego nie znajdziesz w wielkich korporacjach.<\/p>\n<hr data-path-to-node=\"6\" \/>\n<h3 data-path-to-node=\"7\">Dlaczego warto z nami wsp\u00f3\u0142pracowa\u0107?<\/h3>\n<ul data-path-to-node=\"8\">\n<li>\n<p data-path-to-node=\"8,0,0\"><b data-path-to-node=\"8,0,0\" data-index-in-node=\"0\">Osobista odpowiedzialno\u015b\u0107:<\/b> Ka\u017cdy projekt przechodzi przez nasze r\u0119ce. Dbamy o Twoje zam\u00f3wienie tak, jakby\u015bmy robili je dla siebie.<\/p>\n<\/li>\n<li>\n<p data-path-to-node=\"8,1,0\"><b data-path-to-node=\"8,1,0\" data-index-in-node=\"0\">20 lat do\u015bwiadczenia:<\/b> Nasza wiedza przechodzi z pokolenia na pokolenie. Wiemy o druku i oprawie wszystko, co pozwala nam rozwi\u0105zywa\u0107 nawet najtrudniejsze techniczne wyzwania.<\/p>\n<\/li>\n<li>\n<p data-path-to-node=\"8,2,0\"><b data-path-to-node=\"8,2,0\" data-index-in-node=\"0\">Relacje na lata:<\/b> Nie szukamy jednorazowych zlece\u0144. Budujemy partnerskie wi\u0119zi, opieraj\u0105c si\u0119 na szczero\u015bci i wzajemnym zaufaniu.<\/p>\n<\/li>\n<li>\n<p data-path-to-node=\"8,3,0\"><b data-path-to-node=\"8,3,0\" data-index-in-node=\"0\">Serce w introligatorni:<\/b> Nasze rzemie\u015blnicze korzenie sprawiaj\u0105, \u017ce to w\u0142a\u015bnie wyko\u0144czenie produktu \u2013 sztancowanie, foliowanie czy oprawa \u2013 jest nasz\u0105 najwi\u0119ksz\u0105 dum\u0105.<\/p>\n<\/li>\n<\/ul>\n<hr data-path-to-node=\"9\" \/>\n<h3 data-path-to-node=\"10\">Nasze podej\u015bcie jest proste:<\/h3>\n<p data-path-to-node=\"11\">\u0141\u0105czymy nowoczesny park maszynowy z tradycyjn\u0105, rodzinn\u0105 rzetelno\u015bci\u0105. Tu nie jeste\u015b kolejnym numerem zam\u00f3wienia \u2013 jeste\u015b naszym klientem, o kt\u00f3rego interesy dbamy codziennie od 20 lat.<\/p>\n<p data-path-to-node=\"12\"><b data-path-to-node=\"12\" data-index-in-node=\"0\">Zapraszamy do wsp\u00f3\u0142pracy \u2013 poczuj r\u00f3\u017cnic\u0119, jak\u0105 daje druk z rodzinnej pasji.<\/b><\/p>\n","protected":false},"excerpt":{"rendered":"<p>Rodzinna tradycja druku Od 20 lat podpisujemy si\u0119 pod ka\u017cdym arkuszem. Jeste\u015bmy rodzinn\u0105 drukarni\u0105 i [&hellip;]<\/p>\n","protected":false},"author":1,"featured_media":0,"parent":0,"menu_order":0,"comment_status":"closed","ping_status":"closed","template":"front-page.php","meta":{"_acf_changed":false,"_monsterinsights_skip_tracking":false,"_monsterinsights_sitenote_active":false,"_monsterinsights_sitenote_note":"","_monsterinsights_sitenote_category":0,"footnotes":""},"class_list":["post-5","page","type-page","status-publish","hentry"],"acf":[],"aioseo_notices":[],"_links":{"self":[{"href":"https:\/\/artcopy.pl\/index.php?rest_route=\/wp\/v2\/pages\/5","targetHints":{"allow":["GET"]}}],"collection":[{"href":"https:\/\/artcopy.pl\/index.php?rest_route=\/wp\/v2\/pages"}],"about":[{"href":"https:\/\/artcopy.pl\/index.php?rest_route=\/wp\/v2\/types\/page"}],"author":[{"embeddable":true,"href":"https:\/\/artcopy.pl\/index.php?rest_route=\/wp\/v2\/users\/1"}],"replies":[{"embeddable":true,"href":"https:\/\/artcopy.pl\/index.php?rest_route=%2Fwp%2Fv2%2Fcomments&post=5"}],"version-history":[{"count":7,"href":"https:\/\/artcopy.pl\/index.php?rest_route=\/wp\/v2\/pages\/5\/revisions"}],"predecessor-version":[{"id":6891,"href":"https:\/\/artcopy.pl\/index.php?rest_route=\/wp\/v2\/pages\/5\/revisions\/6891"}],"wp:attachment":[{"href":"https:\/\/artcopy.pl\/index.php?rest_route=%2Fwp%2Fv2%2Fmedia&parent=5"}],"curies":[{"name":"wp","href":"https:\/\/api.w.org\/{rel}","templated":true}]}}