{"id":2057,"date":"2022-06-02T22:53:52","date_gmt":"2022-06-02T19:53:52","guid":{"rendered":"http:\/\/garantiwebdesign.com\/wordpress\/printa\/?page_id=2057"},"modified":"2026-02-14T22:43:33","modified_gmt":"2026-02-14T21:43:33","slug":"printing-services","status":"publish","type":"page","link":"https:\/\/artcopy.pl\/?page_id=2057","title":{"rendered":"Druk Offsetowy \u2013 Pot\u0119ga Nak\u0142adu i Precyzji"},"content":{"rendered":"<h1><strong>Druk Offsetowy: Najwy\u017csza Jako\u015b\u0107 dla Du\u017cych Nak\u0142ad\u00f3w<\/strong><\/h1>\n","protected":false},"excerpt":{"rendered":"<p>Druk Offsetowy: Najwy\u017csza Jako\u015b\u0107 dla Du\u017cych Nak\u0142ad\u00f3w<\/p>\n","protected":false},"author":1,"featured_media":6548,"parent":0,"menu_order":0,"comment_status":"closed","ping_status":"closed","template":"template-services.php","meta":{"_acf_changed":false,"_monsterinsights_skip_tracking":false,"_monsterinsights_sitenote_active":false,"_monsterinsights_sitenote_note":"","_monsterinsights_sitenote_category":0,"footnotes":""},"class_list":["post-2057","page","type-page","status-publish","has-post-thumbnail","hentry"],"acf":[],"aioseo_notices":[],"_links":{"self":[{"href":"https:\/\/artcopy.pl\/index.php?rest_route=\/wp\/v2\/pages\/2057","targetHints":{"allow":["GET"]}}],"collection":[{"href":"https:\/\/artcopy.pl\/index.php?rest_route=\/wp\/v2\/pages"}],"about":[{"href":"https:\/\/artcopy.pl\/index.php?rest_route=\/wp\/v2\/types\/page"}],"author":[{"embeddable":true,"href":"https:\/\/artcopy.pl\/index.php?rest_route=\/wp\/v2\/users\/1"}],"replies":[{"embeddable":true,"href":"https:\/\/artcopy.pl\/index.php?rest_route=%2Fwp%2Fv2%2Fcomments&post=2057"}],"version-history":[{"count":5,"href":"https:\/\/artcopy.pl\/index.php?rest_route=\/wp\/v2\/pages\/2057\/revisions"}],"predecessor-version":[{"id":6867,"href":"https:\/\/artcopy.pl\/index.php?rest_route=\/wp\/v2\/pages\/2057\/revisions\/6867"}],"wp:featuredmedia":[{"embeddable":true,"href":"https:\/\/artcopy.pl\/index.php?rest_route=\/wp\/v2\/media\/6548"}],"wp:attachment":[{"href":"https:\/\/artcopy.pl\/index.php?rest_route=%2Fwp%2Fv2%2Fmedia&parent=2057"}],"curies":[{"name":"wp","href":"https:\/\/api.w.org\/{rel}","templated":true}]}}